{"id":19165,"date":"2026-03-04T16:29:43","date_gmt":"2026-03-04T19:29:43","guid":{"rendered":"https:\/\/ingesto.org.br\/?page_id=19165"},"modified":"2026-03-04T20:27:32","modified_gmt":"2026-03-04T23:27:32","slug":"radar-legislativo","status":"publish","type":"page","link":"https:\/\/ingesto.org.br\/en\/radar-legislativo\/","title":{"rendered":"Radar Legislativo"},"content":{"rendered":"<p class=\"has-text-color has-background has-link-color has-large-font-size wp-elements-c5f37954c7ef280ed6cedbf2ea16afb1\" style=\"color:#0403e9;background-color:#ededed\">O <strong>Radar Legislativo<\/strong> \u00e9 uma Proposta do <strong>Ingesto <\/strong>que objetiva o acompanhamento de Proposi\u00e7\u00f5es que tramitam na <strong>Chamber <\/strong>and in <strong>Senado <\/strong>que estejam ligados diretamente ao <strong>Third sector<\/strong>!<\/p>\n\n\n      <div class=\"ingesto-radar\" data-version=\"2.1.0\">\n        <div class=\"ingesto-radar__controls\">\n          <div class=\"ingesto-radar__search\">\n            <input type=\"search\" class=\"ingesto-radar__input\" placeholder=\"Buscar (ementa, tema, autores, situa\u00e7\u00e3o...)\">\n            <button class=\"ingesto-btn ingesto-btn--primary ingesto-radar__btnSearch\" type=\"button\">Buscar<\/button>\n            <button class=\"ingesto-btn ingesto-btn--ghost ingesto-radar__btnClear\" type=\"button\">To clean<\/button>\n          <\/div>\n\n          <div class=\"ingesto-radar__filters\">\n            <select class=\"ingesto-radar__select\" data-filter=\"casa\"><option value=\"\">Casa<\/option><\/select>\n            <select class=\"ingesto-radar__select\" data-filter=\"tipo\"><option value=\"\">Type<\/option><\/select>\n            <select class=\"ingesto-radar__select\" data-filter=\"alcance\"><option value=\"\">Alcance<\/option><\/select>\n            <select class=\"ingesto-radar__select\" data-filter=\"tema\"><option value=\"\">Theme<\/option><\/select>\n            <select class=\"ingesto-radar__select\" data-filter=\"orgao\"><option value=\"\">\u00d3rg\u00e3o\/Local<\/option><\/select>\n          <\/div>\n        <\/div>\n\n        <div class=\"ingesto-radar__cards\">\n          <div class=\"ingesto-card\">\n            <div class=\"ingesto-card__label\">Total<\/div>\n            <div class=\"ingesto-card__value\" data-card=\"total\">0<\/div>\n          <\/div>\n          <div class=\"ingesto-card\">\n            <div class=\"ingesto-card__label\">Page<\/div>\n            <div class=\"ingesto-card__value\" data-card=\"page\">1<\/div>\n          <\/div>\n          <div class=\"ingesto-card\">\n            <div class=\"ingesto-card__label\">Por p\u00e1gina<\/div>\n            <div class=\"ingesto-card__value\" data-card=\"per_page\">10<\/div>\n          <\/div>\n        <\/div>\n\n        <div class=\"ingesto-radar__tableWrap\">\n          <table class=\"ingesto-radar__table\">\n            <thead>\n              <tr>\n                <th>Casa<\/th>\n                <th>Type<\/th>\n                <th>N\u00ba\/Ano<\/th>\n                <th>Theme<\/th>\n                <th>Situation<\/th>\n                <th>\u00d3rg\u00e3o\/Local<\/th>\n                <th>Autores<\/th>\n                <th>\u00daltima mov.<\/th>\n                <th>Link<\/th>\n              <\/tr>\n            <\/thead>\n            <tbody class=\"ingesto-radar__tbody\">\n              <tr><td colspan=\"9\" class=\"ingesto-radar__loading\">Carregando...<\/td><\/tr>\n            <\/tbody>\n          <\/table>\n        <\/div>\n\n        <div class=\"ingesto-radar__pager\">\n          <button class=\"ingesto-btn ingesto-btn--ghost\" type=\"button\" data-page=\"prev\">Anterior<\/button>\n          <div class=\"ingesto-radar__pagerInfo\">\n            <span data-pager=\"range\">0\u20130<\/span> in <span data-pager=\"total\">0<\/span>\n          <\/div>\n          <button class=\"ingesto-btn ingesto-btn--primary\" type=\"button\" data-page=\"next\">Pr\u00f3xima<\/button>\n        <\/div>\n      <\/div>\n    \n\n\n\n<div class=\"ingesto-donate-cta\" role=\"region\" aria-label=\"Apoiar o Ingesto\">\n  <p class=\"ingesto-donate-text\">\n    O Ingesto \u00e9 mantido exclusivamente por doa\u00e7\u00f5es volunt\u00e1rias.<br>\n    Se este conte\u00fado foi \u00fatil para voc\u00ea, considere apoiar a manuten\u00e7\u00e3o da plataforma.\n  <\/p>\n\n  <a class=\"ingesto-donate-btn\" href=\"https:\/\/ingesto.org.br\/en\/colabore\/\" data-cta=\"donate-post-footer\">\n    Apoiar o Ingesto\n  <\/a>\n\n<p class=\"ingesto-donate-note\">\n  Leva menos de um minuto.\n<\/p>\n<\/div>\n\n\n\n<p>Qualquer d\u00favida quanto a esse assunto, por favor nos chame no <strong>Whatsapp<\/strong>!<\/p>","protected":false},"excerpt":{"rendered":"<p>O Radar Legislativo \u00e9 uma Proposta do Ingesto que objetiva o acompanhamento de Proposi\u00e7\u00f5es que tramitam na C\u00e2mara e no Senado que estejam ligados diretamente ao Terceiro Setor! O Ingesto \u00e9 mantido exclusivamente por doa\u00e7\u00f5es volunt\u00e1rias. Se este conte\u00fado foi \u00fatil para voc\u00ea, considere apoiar a manuten\u00e7\u00e3o da plataforma. Apoiar o Ingesto Leva menos de [&hellip;]<\/p>\n","protected":false},"author":1,"featured_media":19167,"parent":0,"menu_order":0,"comment_status":"closed","ping_status":"closed","template":"","meta":{"give_campaign_id":0,"_joinchat":[],"footnotes":""},"class_list":["post-19165","page","type-page","status-publish","has-post-thumbnail","hentry"],"yoast_head":"<!-- This site is optimized with the Yoast SEO plugin v27.4 - https:\/\/yoast.com\/product\/yoast-seo-wordpress\/ -->\n<title>Radar Legislativo - Ingesto<\/title>\n<meta name=\"robots\" content=\"index, follow, max-snippet:-1, max-image-preview:large, max-video-preview:-1\" \/>\n<link rel=\"canonical\" href=\"https:\/\/ingesto.org.br\/en\/radar-legislativo\/\" \/>\n<meta property=\"og:locale\" content=\"en_US\" \/>\n<meta property=\"og:type\" content=\"article\" \/>\n<meta property=\"og:title\" content=\"Radar Legislativo - Ingesto\" \/>\n<meta property=\"og:description\" content=\"O Radar Legislativo \u00e9 uma Proposta do Ingesto que objetiva o acompanhamento de Proposi\u00e7\u00f5es que tramitam na C\u00e2mara e no Senado que estejam ligados diretamente ao Terceiro Setor! O Ingesto \u00e9 mantido exclusivamente por doa\u00e7\u00f5es volunt\u00e1rias. Se este conte\u00fado foi \u00fatil para voc\u00ea, considere apoiar a manuten\u00e7\u00e3o da plataforma. Apoiar o Ingesto Leva menos de [&hellip;]\" \/>\n<meta property=\"og:url\" content=\"https:\/\/ingesto.org.br\/en\/radar-legislativo\/\" \/>\n<meta property=\"og:site_name\" content=\"Ingesto\" \/>\n<meta property=\"article:publisher\" content=\"https:\/\/www.facebook.com\/institutoingesto\" \/>\n<meta property=\"article:modified_time\" content=\"2026-03-04T23:27:32+00:00\" \/>\n<meta property=\"og:image\" content=\"https:\/\/ingesto.org.br\/wp-content\/uploads\/2026\/03\/radar.webp\" \/>\n\t<meta property=\"og:image:width\" content=\"800\" \/>\n\t<meta property=\"og:image:height\" content=\"799\" \/>\n\t<meta property=\"og:image:type\" content=\"image\/webp\" \/>\n<meta name=\"twitter:card\" content=\"summary_large_image\" \/>\n<meta name=\"twitter:site\" content=\"@Ingestos\" \/>\n<meta name=\"twitter:label1\" content=\"Est. reading time\" \/>\n\t<meta name=\"twitter:data1\" content=\"1 minute\" \/>\n<script type=\"application\/ld+json\" class=\"yoast-schema-graph\">{\"@context\":\"https:\\\/\\\/schema.org\",\"@graph\":[{\"@type\":\"WebPage\",\"@id\":\"https:\\\/\\\/ingesto.org.br\\\/radar-legislativo\\\/\",\"url\":\"https:\\\/\\\/ingesto.org.br\\\/radar-legislativo\\\/\",\"name\":\"Radar Legislativo - Ingesto\",\"isPartOf\":{\"@id\":\"http:\\\/\\\/ingesto.org.br\\\/en\\\/#website\"},\"primaryImageOfPage\":{\"@id\":\"https:\\\/\\\/ingesto.org.br\\\/radar-legislativo\\\/#primaryimage\"},\"image\":{\"@id\":\"https:\\\/\\\/ingesto.org.br\\\/radar-legislativo\\\/#primaryimage\"},\"thumbnailUrl\":\"https:\\\/\\\/ingesto.org.br\\\/wp-content\\\/uploads\\\/2026\\\/03\\\/radar.webp\",\"datePublished\":\"2026-03-04T19:29:43+00:00\",\"dateModified\":\"2026-03-04T23:27:32+00:00\",\"breadcrumb\":{\"@id\":\"https:\\\/\\\/ingesto.org.br\\\/radar-legislativo\\\/#breadcrumb\"},\"inLanguage\":\"en-US\",\"potentialAction\":[{\"@type\":\"ReadAction\",\"target\":[\"https:\\\/\\\/ingesto.org.br\\\/radar-legislativo\\\/\"]}]},{\"@type\":\"ImageObject\",\"inLanguage\":\"en-US\",\"@id\":\"https:\\\/\\\/ingesto.org.br\\\/radar-legislativo\\\/#primaryimage\",\"url\":\"https:\\\/\\\/ingesto.org.br\\\/wp-content\\\/uploads\\\/2026\\\/03\\\/radar.webp\",\"contentUrl\":\"https:\\\/\\\/ingesto.org.br\\\/wp-content\\\/uploads\\\/2026\\\/03\\\/radar.webp\",\"width\":800,\"height\":799},{\"@type\":\"BreadcrumbList\",\"@id\":\"https:\\\/\\\/ingesto.org.br\\\/radar-legislativo\\\/#breadcrumb\",\"itemListElement\":[{\"@type\":\"ListItem\",\"position\":1,\"name\":\"In\u00edcio\",\"item\":\"https:\\\/\\\/ingesto.org.br\\\/\"},{\"@type\":\"ListItem\",\"position\":2,\"name\":\"Radar Legislativo\"}]},{\"@type\":\"WebSite\",\"@id\":\"http:\\\/\\\/ingesto.org.br\\\/en\\\/#website\",\"url\":\"http:\\\/\\\/ingesto.org.br\\\/en\\\/\",\"name\":\"Instituto\",\"description\":\"Instituto para Gest\u00e3o do Terceiro Setor\",\"publisher\":{\"@id\":\"http:\\\/\\\/ingesto.org.br\\\/en\\\/#organization\"},\"alternateName\":\"Ingesto\",\"potentialAction\":[{\"@type\":\"SearchAction\",\"target\":{\"@type\":\"EntryPoint\",\"urlTemplate\":\"http:\\\/\\\/ingesto.org.br\\\/en\\\/?s={search_term_string}\"},\"query-input\":{\"@type\":\"PropertyValueSpecification\",\"valueRequired\":true,\"valueName\":\"search_term_string\"}}],\"inLanguage\":\"en-US\"},{\"@type\":\"Organization\",\"@id\":\"http:\\\/\\\/ingesto.org.br\\\/en\\\/#organization\",\"name\":\"Ingesto\",\"url\":\"http:\\\/\\\/ingesto.org.br\\\/en\\\/\",\"logo\":{\"@type\":\"ImageObject\",\"inLanguage\":\"en-US\",\"@id\":\"http:\\\/\\\/ingesto.org.br\\\/en\\\/#\\\/schema\\\/logo\\\/image\\\/\",\"url\":\"https:\\\/\\\/ingesto.org.br\\\/wp-content\\\/uploads\\\/2020\\\/11\\\/cropped-cropped-icone.png\",\"contentUrl\":\"https:\\\/\\\/ingesto.org.br\\\/wp-content\\\/uploads\\\/2020\\\/11\\\/cropped-cropped-icone.png\",\"width\":512,\"height\":512,\"caption\":\"Ingesto\"},\"image\":{\"@id\":\"http:\\\/\\\/ingesto.org.br\\\/en\\\/#\\\/schema\\\/logo\\\/image\\\/\"},\"sameAs\":[\"https:\\\/\\\/www.facebook.com\\\/institutoingesto\",\"https:\\\/\\\/x.com\\\/Ingestos\",\"https:\\\/\\\/www.instagram.com\\\/institutoingesto\\\/\",\"https:\\\/\\\/www.youtube.com\\\/@institutoingesto\",\"https:\\\/\\\/www.linkedin.com\\\/in\\\/instituto-ingesto\"]}]}<\/script>\n<!-- \/ Yoast SEO plugin. -->","yoast_head_json":{"title":"Radar Legislativo - Ingesto","robots":{"index":"index","follow":"follow","max-snippet":"max-snippet:-1","max-image-preview":"max-image-preview:large","max-video-preview":"max-video-preview:-1"},"canonical":"https:\/\/ingesto.org.br\/en\/radar-legislativo\/","og_locale":"en_US","og_type":"article","og_title":"Radar Legislativo - Ingesto","og_description":"O Radar Legislativo \u00e9 uma Proposta do Ingesto que objetiva o acompanhamento de Proposi\u00e7\u00f5es que tramitam na C\u00e2mara e no Senado que estejam ligados diretamente ao Terceiro Setor! O Ingesto \u00e9 mantido exclusivamente por doa\u00e7\u00f5es volunt\u00e1rias. Se este conte\u00fado foi \u00fatil para voc\u00ea, considere apoiar a manuten\u00e7\u00e3o da plataforma. Apoiar o Ingesto Leva menos de [&hellip;]","og_url":"https:\/\/ingesto.org.br\/en\/radar-legislativo\/","og_site_name":"Ingesto","article_publisher":"https:\/\/www.facebook.com\/institutoingesto","article_modified_time":"2026-03-04T23:27:32+00:00","og_image":[{"width":800,"height":799,"url":"https:\/\/ingesto.org.br\/wp-content\/uploads\/2026\/03\/radar.webp","type":"image\/webp"}],"twitter_card":"summary_large_image","twitter_site":"@Ingestos","twitter_misc":{"Est. reading time":"1 minute"},"schema":{"@context":"https:\/\/schema.org","@graph":[{"@type":"WebPage","@id":"https:\/\/ingesto.org.br\/radar-legislativo\/","url":"https:\/\/ingesto.org.br\/radar-legislativo\/","name":"Radar Legislativo - Ingesto","isPartOf":{"@id":"http:\/\/ingesto.org.br\/en\/#website"},"primaryImageOfPage":{"@id":"https:\/\/ingesto.org.br\/radar-legislativo\/#primaryimage"},"image":{"@id":"https:\/\/ingesto.org.br\/radar-legislativo\/#primaryimage"},"thumbnailUrl":"https:\/\/ingesto.org.br\/wp-content\/uploads\/2026\/03\/radar.webp","datePublished":"2026-03-04T19:29:43+00:00","dateModified":"2026-03-04T23:27:32+00:00","breadcrumb":{"@id":"https:\/\/ingesto.org.br\/radar-legislativo\/#breadcrumb"},"inLanguage":"en-US","potentialAction":[{"@type":"ReadAction","target":["https:\/\/ingesto.org.br\/radar-legislativo\/"]}]},{"@type":"ImageObject","inLanguage":"en-US","@id":"https:\/\/ingesto.org.br\/radar-legislativo\/#primaryimage","url":"https:\/\/ingesto.org.br\/wp-content\/uploads\/2026\/03\/radar.webp","contentUrl":"https:\/\/ingesto.org.br\/wp-content\/uploads\/2026\/03\/radar.webp","width":800,"height":799},{"@type":"BreadcrumbList","@id":"https:\/\/ingesto.org.br\/radar-legislativo\/#breadcrumb","itemListElement":[{"@type":"ListItem","position":1,"name":"In\u00edcio","item":"https:\/\/ingesto.org.br\/"},{"@type":"ListItem","position":2,"name":"Radar Legislativo"}]},{"@type":"WebSite","@id":"http:\/\/ingesto.org.br\/en\/#website","url":"http:\/\/ingesto.org.br\/en\/","name":"Institute","description":"Institute for Third Sector Management","publisher":{"@id":"http:\/\/ingesto.org.br\/en\/#organization"},"alternateName":"Ingesto","potentialAction":[{"@type":"SearchAction","target":{"@type":"EntryPoint","urlTemplate":"http:\/\/ingesto.org.br\/en\/?s={search_term_string}"},"query-input":{"@type":"PropertyValueSpecification","valueRequired":true,"valueName":"search_term_string"}}],"inLanguage":"en-US"},{"@type":"Organization","@id":"http:\/\/ingesto.org.br\/en\/#organization","name":"Ingesto","url":"http:\/\/ingesto.org.br\/en\/","logo":{"@type":"ImageObject","inLanguage":"en-US","@id":"http:\/\/ingesto.org.br\/en\/#\/schema\/logo\/image\/","url":"https:\/\/ingesto.org.br\/wp-content\/uploads\/2020\/11\/cropped-cropped-icone.png","contentUrl":"https:\/\/ingesto.org.br\/wp-content\/uploads\/2020\/11\/cropped-cropped-icone.png","width":512,"height":512,"caption":"Ingesto"},"image":{"@id":"http:\/\/ingesto.org.br\/en\/#\/schema\/logo\/image\/"},"sameAs":["https:\/\/www.facebook.com\/institutoingesto","https:\/\/x.com\/Ingestos","https:\/\/www.instagram.com\/institutoingesto\/","https:\/\/www.youtube.com\/@institutoingesto","https:\/\/www.linkedin.com\/in\/instituto-ingesto"]}]}},"campaignId":"","jetpack_shortlink":"https:\/\/wp.me\/Peji5g-4Z7","acf":[],"_links":{"self":[{"href":"https:\/\/ingesto.org.br\/en\/wp-json\/wp\/v2\/pages\/19165","targetHints":{"allow":["GET"]}}],"collection":[{"href":"https:\/\/ingesto.org.br\/en\/wp-json\/wp\/v2\/pages"}],"about":[{"href":"https:\/\/ingesto.org.br\/en\/wp-json\/wp\/v2\/types\/page"}],"author":[{"embeddable":true,"href":"https:\/\/ingesto.org.br\/en\/wp-json\/wp\/v2\/users\/1"}],"replies":[{"embeddable":true,"href":"https:\/\/ingesto.org.br\/en\/wp-json\/wp\/v2\/comments?post=19165"}],"version-history":[{"count":5,"href":"https:\/\/ingesto.org.br\/en\/wp-json\/wp\/v2\/pages\/19165\/revisions"}],"predecessor-version":[{"id":19177,"href":"https:\/\/ingesto.org.br\/en\/wp-json\/wp\/v2\/pages\/19165\/revisions\/19177"}],"wp:featuredmedia":[{"embeddable":true,"href":"https:\/\/ingesto.org.br\/en\/wp-json\/wp\/v2\/media\/19167"}],"wp:attachment":[{"href":"https:\/\/ingesto.org.br\/en\/wp-json\/wp\/v2\/media?parent=19165"}],"curies":[{"name":"wp","href":"https:\/\/api.w.org\/{rel}","templated":true}]}}