{"id":18173,"date":"2025-11-08T10:17:10","date_gmt":"2025-11-08T13:17:10","guid":{"rendered":"https:\/\/ingesto.org.br\/?page_id=18173"},"modified":"2026-02-20T09:02:49","modified_gmt":"2026-02-20T12:02:49","slug":"formulario-sobre-a-necessidade-de-cebas-para-organizacoes-sem-fins-lucrativos","status":"publish","type":"page","link":"https:\/\/ingesto.org.br\/en\/formulario-sobre-a-necessidade-de-cebas-para-organizacoes-sem-fins-lucrativos\/","title":{"rendered":"Formul\u00e1rio &#8211; Sobre a Necessidade de CEBAS para Organiza\u00e7\u00f5es Sem Fins Lucrativos!"},"content":{"rendered":"<div style=\"display:none\" class=\"fm-form-container fm-theme24\"><div id=\"fm-pages30\" class=\"fm-pages wdform_page_navigation\" show_title=\"\" show_numbers=\"1\" type=\"none\"><\/div><form name=\"form30\" action=\"\/en\/wp-json\/wp\/v2\/pages\/18173\" method=\"post\" id=\"form30\" class=\"fm-form form30\" enctype=\"multipart\/form-data\" data-trp-original-action=\"\/en\/wp-json\/wp\/v2\/pages\/18173\"><input type=\"hidden\" id=\"fm_page_id30\" value=\"18173\" name=\"fm_page_id30\" \/><input type=\"hidden\" id=\"fm_current_post_type30\" value=\"page\" name=\"fm_current_post_type30\" \/><input type=\"hidden\" id=\"counter30\" value=\"26\" name=\"counter30\" \/><input type=\"hidden\" id=\"Itemid30\" value=\"\" name=\"Itemid30\" \/><input type=\"hidden\" id=\"fm_shake30\" value=\"1\" name=\"fm_shake30\" \/><input type=\"text\" class=\"fm-hide\" id=\"fm_bot_validation30\" value=\"\" name=\"fm_bot_validation30\" \/><input type=\"text\" class=\"fm-hide\" id=\"fm_empty_field_validation30\" value=\"\" name=\"fm_empty_field_validation30\" data-value=\"bd736efb144d599cf463541431fbf5c4\" \/><div class=\"fm-header-bg\"><div class=\"fm-header\"><div class=\"fm-header-img  fm-animated none\"><img decoding=\"async\" src=\"https:\/\/ingesto.org.br\/wp-content\/uploads\/2025\/11\/cebas.avif\"  \/><\/div><div class=\"fm-header-text\">          <div class=\"fm-header-title\">            Formul\u00e1rio - Sobre a Necessidade de CEBAS para Organiza\u00e7\u00f5es Sem Fins Lucrativos!          <\/div>          <div class=\"fm-header-description\">            <em>\u00c9 obrigat\u00f3rio preencher todos os campos marcados com asteriscos. Se, por ventura algum campo obrigat\u00f3rio n\u00e3o for preenchido o formul\u00e1rio n\u00e3o ser\u00e1 encaminhado.<\/em>          <\/div>        <\/div><\/div><\/div><div class=\"wdform-page-and-images fm-form-builder\"><div id=\"30form_view1\" class=\"wdform_page\" page_title=\"Untitled page\" next_title=\"Next\" next_type=\"text\" next_class=\"wdform-page-button\" next_checkable=\"true\" previous_title=\"Previous\" previous_type=\"text\" previous_class=\"wdform-page-button\" previous_checkable=\"false\"><div class=\"wdform_section\"><div class=\"wdform_column\"><div wdid=\"2\" class=\"wdform_row\"><div type=\"type_text\" class=\"wdform-field wd-width-100 wd-flex wd-flex-column fm-type_text\" ><div class=\"wdform-label-section wd-width-100  wd-flex-row wd-align-items-center\">    <label  for=\"wdform_2_element30\" class=\"wdform-label\">Nome Completo do Respons\u00e1vel:<\/label><span class=\"wdform-required\">*<\/span><\/div><div class=\"wdform-element-section wd-flex  wd-flex-row wd-align-items-center wd-width-100\" ><input type=\"text\"                           class=\"wd-width-100\"                           id=\"wdform_2_element30\"                           name=\"wdform_2_element30\"                           value=\"\"                           data-value=\"\"                           title=\"\"                           placeholder=\"\"                                                       \/><\/div><\/div><\/div><\/div><div class=\"wdform_column\"><div wdid=\"3\" class=\"wdform_row\"><div type=\"type_submitter_mail\" class=\"wdform-field wd-width-100 wd-flex wd-flex-column fm-type_submitter_mail\" ><div class=\"wdform-label-section wd-width-100  wd-flex-row\">    <label  for=\"wdform_3_element30\" class=\"wdform-label\">Email:<\/label><span class=\"wdform-required\">*<\/span><\/div><div class=\"wdform-element-section wd-flex  wd-flex-row wd-width-100\" ><input type=\"text\" class=\"wd-width-100\" id=\"wdform_3_element30\" name=\"wdform_3_element30\" data-value=\"\" value=\"\" title=\"\" placeholder=\"\"   onchange=\"wd_check_email('3', '30', 'This is not a valid email address.')\" \/><\/div><\/div><\/div><\/div><div class=\"wdform_column\"><div wdid=\"4\" class=\"wdform_row\"><div type=\"type_phone_new\" class=\"wdform-field wd-width-100 wd-flex wd-flex-column fm-type_phone_new\" ><div class=\"wdform-label-section wd-width-100\">    <label  for=\"wdform_4_element30\" class=\"wdform-label\">Phone | Whatsapp:<\/label><span class=\"wdform-required\">*<\/span><\/div><div class=\"wdform-element-section wd-flex  wd-width-100\" ><input type=\"text\"                       class=\"wd-width-100\"                       id=\"wdform_4_element30\"                       name=\"wdform_4_element30\"                       value=\"\"                       data-value=\"\"                       placeholder=\"\"  \/><\/div><\/div><\/div><\/div><div class=\"wdform_column\"><div wdid=\"11\" class=\"wdform_row\"><div type=\"type_text\" class=\"wdform-field wd-width-100 wd-flex wd-flex-column fm-type_text\" ><div class=\"wdform-label-section wd-width-100  wd-flex-row wd-align-items-center\">    <label  for=\"wdform_11_element30\" class=\"wdform-label\">Qual o n\u00famero do CNPJ da Organiza\u00e7\u00e3o? (S\u00f3 incluir n\u00fameros. N\u00c3O INCLUIR, pontos, barras e nem h\u00edfen). <\/label><span class=\"wdform-required\">*<\/span><\/div><div class=\"wdform-element-section wd-flex  wd-flex-row wd-align-items-center wd-width-100\" ><input type=\"text\"                           class=\"wd-width-100\"                           id=\"wdform_11_element30\"                           name=\"wdform_11_element30\"                           value=\"\"                           data-value=\"\"                           title=\"\"                           placeholder=\"\"                                                       \/><\/div><\/div><\/div><\/div><div class=\"wdform_column\"><div wdid=\"17\" class=\"wdform_row\" style=\"position: relative; left: 0px; top: 0px;\"><div type=\"type_own_select\" class=\"wdform-field wd-width-100 wd-flex wd-flex-column fm-type_own_select\" ><div class=\"wdform-label-section wd-width-100 wdform_select wd-flex-row\">    <label  for=\"wdform_17_element30\" class=\"wdform-label\">A Organiza\u00e7\u00e3o foi criada h\u00e1 quanto tempo: (Informa\u00e7\u00f5es constantes do Cart\u00e3o CNPJ)<\/label><span class=\"wdform-required\">*<\/span><\/div><div class=\"wdform-element-section wd-flex wdform_select wd-flex-row wd-width-100\" ><select class=\"wd-width-100\" id=\"wdform_17_element30\" name=\"wdform_17_element30\" ><option value=\"\" selected=\"selected\"><\/option><option value=\"1 Ano\" >1 Ano<\/option><option value=\"2 Ano\" >2 Ano<\/option><option value=\"3 Anos\" >3 Anos<\/option><option value=\"Mais de 3 Anos\" >Mais de 3 Anos<\/option><\/select><\/div><\/div><\/div><\/div><div class=\"wdform_column\"><div wdid=\"18\" class=\"wdform_row\" style=\"position: relative; left: 0px; top: 0px;\"><div type=\"type_own_select\" class=\"wdform-field wd-width-100 wd-flex wd-flex-column fm-type_own_select\" ><div class=\"wdform-label-section wd-width-100 wdform_select wd-flex-row\">    <label  for=\"wdform_18_element30\" class=\"wdform-label\">H\u00e1 quanto tempo a Organiza\u00e7\u00e3o est\u00e1 ATIVA: (Informa\u00e7\u00f5es constantes do Cart\u00e3o no \u00edtem: DATA DA SITUA\u00c7\u00c3O CADASTRAL)<\/label><span class=\"wdform-required\">*<\/span><\/div><div class=\"wdform-element-section wd-flex wdform_select wd-flex-row wd-width-100\" ><select class=\"wd-width-100\" id=\"wdform_18_element30\" name=\"wdform_18_element30\" ><option value=\"\" selected=\"selected\"><\/option><option value=\"1 Ano\" >1 Ano<\/option><option value=\"2 Ano\" >2 Ano<\/option><option value=\"3 Anos\" >3 Anos<\/option><option value=\"Mais de 3 Anos\" >Mais de 3 Anos<\/option><\/select><\/div><\/div><\/div><\/div><div class=\"wdform_column\"><div wdid=\"19\" class=\"wdform_row\"><div type=\"type_own_select\" class=\"wdform-field wd-width-100 wd-flex wd-flex-column fm-type_own_select\" ><div class=\"wdform-label-section wd-width-100 wdform_select wd-flex-row\">    <label  for=\"wdform_19_element30\" class=\"wdform-label\">A Organica\u00e7\u00e3o possui atividade regular atrav\u00e9s de conv\u00eanios, parcerias, contratos ou afins, onde h\u00e1 funcion\u00e1rios, parceiros ou prestadores de servi\u00e7os sendo remunerados periodicamente:<\/label><span class=\"wdform-required\">*<\/span><\/div><div class=\"wdform-element-section wd-flex wdform_select wd-flex-row wd-width-100\" ><select class=\"wd-width-100\" id=\"wdform_19_element30\" name=\"wdform_19_element30\" ><option value=\"\" selected=\"selected\"><\/option><option value=\"Sim\" >Yes<\/option><option value=\"N\u00e3o\" >No<\/option><option value=\"N\u00e3o sei Informar\" >N\u00e3o sei Informar<\/option><\/select><\/div><\/div><\/div><\/div><div class=\"wdform_column\"><div wdid=\"20\" class=\"wdform_row\"><div type=\"type_own_select\" class=\"wdform-field wd-width-100 wd-flex wd-flex-column fm-type_own_select\" ><div class=\"wdform-label-section wd-width-100 wdform_select wd-flex-row\">    <label  for=\"wdform_20_element30\" class=\"wdform-label\">A Organica\u00e7\u00e3o presta servi\u00e7os regularmentes para outros \u00f3rg\u00e3os ou organiza\u00e7\u00f5es, poder estatal, outras organiza\u00e7\u00f5es sem fins lucrativos ou para o setor privado com fins lucrativos:<\/label><span class=\"wdform-required\">*<\/span><\/div><div class=\"wdform-element-section wd-flex wdform_select wd-flex-row wd-width-100\" ><select class=\"wd-width-100\" id=\"wdform_20_element30\" name=\"wdform_20_element30\" ><option value=\"\" selected=\"selected\"><\/option><option value=\"Sim\" >Yes<\/option><option value=\"N\u00e3o\" >No<\/option><option value=\"N\u00e3o sei Informar\" >N\u00e3o sei Informar<\/option><\/select><\/div><\/div><\/div><\/div><div class=\"wdform_column\"><div wdid=\"22\" class=\"wdform_row\"><div type=\"type_own_select\" class=\"wdform-field wd-width-100 wd-flex wd-flex-column fm-type_own_select\" ><div class=\"wdform-label-section wd-width-100 wdform_select wd-flex-row\">    <label  for=\"wdform_22_element30\" class=\"wdform-label\">Est\u00e1 participando ou em vias de participar nos pr\u00f3ximos 365 dias de editais p\u00fablicos e programas governamentais:<\/label><span class=\"wdform-required\">*<\/span><\/div><div class=\"wdform-element-section wd-flex wdform_select wd-flex-row wd-width-100\" ><select class=\"wd-width-100\" id=\"wdform_22_element30\" name=\"wdform_22_element30\" ><option value=\"\" selected=\"selected\"><\/option><option value=\"Sim\" >Yes<\/option><option value=\"N\u00e3o\" >No<\/option><option value=\"N\u00e3o sei Informar\" >N\u00e3o sei Informar<\/option><\/select><\/div><\/div><\/div><\/div><div class=\"wdform_column\"><div wdid=\"21\" class=\"wdform_row\" style=\"position: relative; left: 0px; top: 0px;\"><div type=\"type_own_select\" class=\"wdform-field wd-width-100 wd-flex wd-flex-column fm-type_own_select\" ><div class=\"wdform-label-section wd-width-100 wdform_select wd-flex-row\">    <label  for=\"wdform_21_element30\" class=\"wdform-label\">A Organiza\u00e7\u00e3o algum tipo de reten\u00e7\u00e3o de contribui\u00e7\u00f5es sociais, tais como: INSS patronal, CSLL, COFINS e PIS\/PASEP:<\/label><span class=\"wdform-required\">*<\/span><\/div><div class=\"wdform-element-section wd-flex wdform_select wd-flex-row wd-width-100\" ><select class=\"wd-width-100\" id=\"wdform_21_element30\" name=\"wdform_21_element30\" ><option value=\"\" selected=\"selected\"><\/option><option value=\"Sim\" >Yes<\/option><option value=\"N\u00e3o\" >No<\/option><option value=\"N\u00e3o sei Informar\" >N\u00e3o sei Informar<\/option><\/select><\/div><\/div><\/div><\/div><div class=\"wdform_column\"><div wdid=\"23\" class=\"wdform_row\"><div type=\"type_own_select\" class=\"wdform-field wd-width-100 wd-flex wd-flex-column fm-type_own_select\" ><div class=\"wdform-label-section wd-width-100 wdform_select wd-flex-row\">    <label  for=\"wdform_23_element30\" class=\"wdform-label\">J\u00e1 possui algum projeto dedutivo de Isen\u00e7\u00e3o Fiscal:<\/label><span class=\"wdform-required\">*<\/span><\/div><div class=\"wdform-element-section wd-flex wdform_select wd-flex-row wd-width-100\" ><select class=\"wd-width-100\" id=\"wdform_23_element30\" name=\"wdform_23_element30\" ><option value=\"\" selected=\"selected\"><\/option><option value=\"Sim\" >Yes<\/option><option value=\"N\u00e3o\" >No<\/option><option value=\"N\u00e3o sei Informar\" >N\u00e3o sei Informar<\/option><\/select><\/div><\/div><\/div><\/div><div class=\"wdform_column\"><div wdid=\"24\" class=\"wdform_row\"><div type=\"type_textarea\" class=\"wdform-field wd-width-100 wd-flex wd-flex-column fm-type_textarea\" ><div class=\"wdform-label-section wd-width-100\">    <label  for=\"wdform_24_element30\" class=\"wdform-label\">Tem mais alguma informa\u00e7\u00e3o que desejaria acrescentar que auxilie nossa equipe a verificar a necessidade ou n\u00e3o da CEBAS para sua organiza\u00e7\u00e3o?<\/label><span class=\"wdform-required\">*<\/span><\/div><div class=\"wdform-element-section wd-flex  wd-width-100\" ><textarea class=\"wd-width-100\"                      id=\"wdform_24_element30\"                      name=\"wdform_24_element30\"                      placeholder=\"\"                      data-value=\"\"                      maxlength=\"\"                      style=\"height: 100px;\"                      ><\/textarea><\/div><\/div><\/div><\/div><div class=\"wdform_column\"><div wdid=\"25\" class=\"wdform_row\"><div type=\"type_recaptcha\" class=\"wdform-field wd-width-100 wd-flex wd-flex-row fm-type_recaptcha\" ><div class=\"wdform-label-section wd-width-30 wd-hidden wd-flex-row\">    <label  class=\"wdform-label\">reCAPTCHA<\/label><\/div><div class=\"wdform-element-section wd-flex wd-flex-row wd-width-100\" ><div id=\"recaptcha3025\" class=\"g-recaptcha\" data-sitekey=\"6LeaeJYlAAAAAMKcNhqpUVZjemDgeo7HJqsAsENb\" data-form_id=\"30\" data-size=\"invisible\" data-badge=\"bottomright\"><\/div><\/div><\/div><\/div><\/div><div class=\"wdform_column\"><div wdid=\"1\" class=\"wdform_row\"><div type=\"type_submit_reset\" class=\"wdform-field wd-width-100 wd-flex wd-flex-column fm-type_submit_reset\" ><div class=\"wdform-element-section wd-flex  wd-flex-row wd-justify-content-center wd-width-100\" ><button  type=\"button\" class=\"button-submit\" onclick=\"fm_submit_form('30');\"  data-ajax=\"0\"><span class=\"fm-submit-loading spinner fm-ico-spinner\"><\/span>To send<\/button><button  type=\"button\" class=\"button-reset\" onclick=\"fm_reset_form(30);\" >To clean<\/button><\/div><\/div><\/div><\/div><\/div><div valign=\"top\" class=\"wdform_footer wd-width-100\"><div class=\"wd-width-100\"><div class=\"wd-width-100 wd-table\" style=\"padding-top:10px;\"><div class=\"wd-table-group\"><div id=\"30page_nav1\" class=\"wd-table-row\"><\/div><\/div><\/div><\/div><\/div><\/div><\/div><div class=\"wdform_preload\"><\/div><input type=\"hidden\" name=\"fm-current-page\" value=\"https:\/\/ingesto.org.br\/en\/wp-json\/wp\/v2\/pages\/18173\" \/><input type=\"hidden\" name=\"trp-form-language\" value=\"en\"\/><\/form><\/div>","protected":false},"excerpt":{"rendered":"","protected":false},"author":1,"featured_media":18169,"parent":0,"menu_order":0,"comment_status":"closed","ping_status":"closed","template":"","meta":{"give_campaign_id":0,"_joinchat":[],"footnotes":""},"class_list":["post-18173","page","type-page","status-publish","has-post-thumbnail","hentry"],"yoast_head":"<!-- This site is optimized with the Yoast SEO plugin v27.3 - https:\/\/yoast.com\/product\/yoast-seo-wordpress\/ -->\n<title>Formul\u00e1rio - Sobre a Necessidade de CEBAS para Organiza\u00e7\u00f5es Sem Fins Lucrativos! - Ingesto<\/title>\n<meta name=\"robots\" content=\"index, follow, max-snippet:-1, max-image-preview:large, max-video-preview:-1\" \/>\n<link rel=\"canonical\" href=\"https:\/\/ingesto.org.br\/en\/formulario-sobre-a-necessidade-de-cebas-para-organizacoes-sem-fins-lucrativos\/\" \/>\n<meta property=\"og:locale\" content=\"en_US\" \/>\n<meta property=\"og:type\" content=\"article\" \/>\n<meta property=\"og:title\" content=\"Formul\u00e1rio - Sobre a Necessidade de CEBAS para Organiza\u00e7\u00f5es Sem Fins Lucrativos! - Ingesto\" \/>\n<meta property=\"og:url\" content=\"https:\/\/ingesto.org.br\/en\/formulario-sobre-a-necessidade-de-cebas-para-organizacoes-sem-fins-lucrativos\/\" \/>\n<meta property=\"og:site_name\" content=\"Ingesto\" \/>\n<meta property=\"article:publisher\" content=\"https:\/\/www.facebook.com\/institutoingesto\" \/>\n<meta property=\"article:modified_time\" content=\"2026-02-20T12:02:49+00:00\" \/>\n<meta property=\"og:image\" content=\"https:\/\/ingesto.org.br\/wp-content\/uploads\/2023\/03\/icone-ingesto-banner_menor-1-removebg-preview.png\" \/>\n\t<meta property=\"og:image:width\" content=\"302\" \/>\n\t<meta property=\"og:image:height\" content=\"107\" \/>\n\t<meta property=\"og:image:type\" content=\"image\/png\" \/>\n<meta name=\"twitter:card\" content=\"summary_large_image\" \/>\n<meta name=\"twitter:site\" content=\"@Ingestos\" \/>\n<meta name=\"twitter:label1\" content=\"Est. reading time\" \/>\n\t<meta name=\"twitter:data1\" content=\"1 minute\" \/>\n<script type=\"application\/ld+json\" class=\"yoast-schema-graph\">{\"@context\":\"https:\\\/\\\/schema.org\",\"@graph\":[{\"@type\":\"WebPage\",\"@id\":\"https:\\\/\\\/ingesto.org.br\\\/formulario-sobre-a-necessidade-de-cebas-para-organizacoes-sem-fins-lucrativos\\\/\",\"url\":\"https:\\\/\\\/ingesto.org.br\\\/formulario-sobre-a-necessidade-de-cebas-para-organizacoes-sem-fins-lucrativos\\\/\",\"name\":\"Formul\u00e1rio - Sobre a Necessidade de CEBAS para Organiza\u00e7\u00f5es Sem Fins Lucrativos! - Ingesto\",\"isPartOf\":{\"@id\":\"http:\\\/\\\/ingesto.org.br\\\/en\\\/#website\"},\"primaryImageOfPage\":{\"@id\":\"https:\\\/\\\/ingesto.org.br\\\/formulario-sobre-a-necessidade-de-cebas-para-organizacoes-sem-fins-lucrativos\\\/#primaryimage\"},\"image\":{\"@id\":\"https:\\\/\\\/ingesto.org.br\\\/formulario-sobre-a-necessidade-de-cebas-para-organizacoes-sem-fins-lucrativos\\\/#primaryimage\"},\"thumbnailUrl\":\"https:\\\/\\\/ingesto.org.br\\\/wp-content\\\/uploads\\\/2025\\\/11\\\/cebas.avif\",\"datePublished\":\"2025-11-08T13:17:10+00:00\",\"dateModified\":\"2026-02-20T12:02:49+00:00\",\"breadcrumb\":{\"@id\":\"https:\\\/\\\/ingesto.org.br\\\/formulario-sobre-a-necessidade-de-cebas-para-organizacoes-sem-fins-lucrativos\\\/#breadcrumb\"},\"inLanguage\":\"en-US\",\"potentialAction\":[{\"@type\":\"ReadAction\",\"target\":[\"https:\\\/\\\/ingesto.org.br\\\/formulario-sobre-a-necessidade-de-cebas-para-organizacoes-sem-fins-lucrativos\\\/\"]}]},{\"@type\":\"ImageObject\",\"inLanguage\":\"en-US\",\"@id\":\"https:\\\/\\\/ingesto.org.br\\\/formulario-sobre-a-necessidade-de-cebas-para-organizacoes-sem-fins-lucrativos\\\/#primaryimage\",\"url\":\"https:\\\/\\\/ingesto.org.br\\\/wp-content\\\/uploads\\\/2025\\\/11\\\/cebas.avif\",\"contentUrl\":\"https:\\\/\\\/ingesto.org.br\\\/wp-content\\\/uploads\\\/2025\\\/11\\\/cebas.avif\",\"width\":280,\"height\":92},{\"@type\":\"BreadcrumbList\",\"@id\":\"https:\\\/\\\/ingesto.org.br\\\/formulario-sobre-a-necessidade-de-cebas-para-organizacoes-sem-fins-lucrativos\\\/#breadcrumb\",\"itemListElement\":[{\"@type\":\"ListItem\",\"position\":1,\"name\":\"In\u00edcio\",\"item\":\"https:\\\/\\\/ingesto.org.br\\\/\"},{\"@type\":\"ListItem\",\"position\":2,\"name\":\"Formul\u00e1rio &#8211; Sobre a Necessidade de CEBAS para Organiza\u00e7\u00f5es Sem Fins Lucrativos!\"}]},{\"@type\":\"WebSite\",\"@id\":\"http:\\\/\\\/ingesto.org.br\\\/en\\\/#website\",\"url\":\"http:\\\/\\\/ingesto.org.br\\\/en\\\/\",\"name\":\"Instituto\",\"description\":\"Instituto para Gest\u00e3o do Terceiro Setor\",\"publisher\":{\"@id\":\"http:\\\/\\\/ingesto.org.br\\\/en\\\/#organization\"},\"alternateName\":\"Ingesto\",\"potentialAction\":[{\"@type\":\"SearchAction\",\"target\":{\"@type\":\"EntryPoint\",\"urlTemplate\":\"http:\\\/\\\/ingesto.org.br\\\/en\\\/?s={search_term_string}\"},\"query-input\":{\"@type\":\"PropertyValueSpecification\",\"valueRequired\":true,\"valueName\":\"search_term_string\"}}],\"inLanguage\":\"en-US\"},{\"@type\":\"Organization\",\"@id\":\"http:\\\/\\\/ingesto.org.br\\\/en\\\/#organization\",\"name\":\"Ingesto\",\"url\":\"http:\\\/\\\/ingesto.org.br\\\/en\\\/\",\"logo\":{\"@type\":\"ImageObject\",\"inLanguage\":\"en-US\",\"@id\":\"http:\\\/\\\/ingesto.org.br\\\/en\\\/#\\\/schema\\\/logo\\\/image\\\/\",\"url\":\"https:\\\/\\\/ingesto.org.br\\\/wp-content\\\/uploads\\\/2020\\\/11\\\/cropped-cropped-icone.png\",\"contentUrl\":\"https:\\\/\\\/ingesto.org.br\\\/wp-content\\\/uploads\\\/2020\\\/11\\\/cropped-cropped-icone.png\",\"width\":512,\"height\":512,\"caption\":\"Ingesto\"},\"image\":{\"@id\":\"http:\\\/\\\/ingesto.org.br\\\/en\\\/#\\\/schema\\\/logo\\\/image\\\/\"},\"sameAs\":[\"https:\\\/\\\/www.facebook.com\\\/institutoingesto\",\"https:\\\/\\\/x.com\\\/Ingestos\",\"https:\\\/\\\/www.instagram.com\\\/institutoingesto\\\/\",\"https:\\\/\\\/www.youtube.com\\\/@institutoingesto\",\"https:\\\/\\\/www.linkedin.com\\\/in\\\/instituto-ingesto\"]}]}<\/script>\n<!-- \/ Yoast SEO plugin. -->","yoast_head_json":{"title":"Formul\u00e1rio - Sobre a Necessidade de CEBAS para Organiza\u00e7\u00f5es Sem Fins Lucrativos! - Ingesto","robots":{"index":"index","follow":"follow","max-snippet":"max-snippet:-1","max-image-preview":"max-image-preview:large","max-video-preview":"max-video-preview:-1"},"canonical":"https:\/\/ingesto.org.br\/en\/formulario-sobre-a-necessidade-de-cebas-para-organizacoes-sem-fins-lucrativos\/","og_locale":"en_US","og_type":"article","og_title":"Formul\u00e1rio - Sobre a Necessidade de CEBAS para Organiza\u00e7\u00f5es Sem Fins Lucrativos! - Ingesto","og_url":"https:\/\/ingesto.org.br\/en\/formulario-sobre-a-necessidade-de-cebas-para-organizacoes-sem-fins-lucrativos\/","og_site_name":"Ingesto","article_publisher":"https:\/\/www.facebook.com\/institutoingesto","article_modified_time":"2026-02-20T12:02:49+00:00","og_image":[{"width":302,"height":107,"url":"https:\/\/ingesto.org.br\/wp-content\/uploads\/2023\/03\/icone-ingesto-banner_menor-1-removebg-preview.png","type":"image\/png"}],"twitter_card":"summary_large_image","twitter_site":"@Ingestos","twitter_misc":{"Est. reading time":"1 minute"},"schema":{"@context":"https:\/\/schema.org","@graph":[{"@type":"WebPage","@id":"https:\/\/ingesto.org.br\/formulario-sobre-a-necessidade-de-cebas-para-organizacoes-sem-fins-lucrativos\/","url":"https:\/\/ingesto.org.br\/formulario-sobre-a-necessidade-de-cebas-para-organizacoes-sem-fins-lucrativos\/","name":"Formul\u00e1rio - Sobre a Necessidade de CEBAS para Organiza\u00e7\u00f5es Sem Fins Lucrativos! - Ingesto","isPartOf":{"@id":"http:\/\/ingesto.org.br\/en\/#website"},"primaryImageOfPage":{"@id":"https:\/\/ingesto.org.br\/formulario-sobre-a-necessidade-de-cebas-para-organizacoes-sem-fins-lucrativos\/#primaryimage"},"image":{"@id":"https:\/\/ingesto.org.br\/formulario-sobre-a-necessidade-de-cebas-para-organizacoes-sem-fins-lucrativos\/#primaryimage"},"thumbnailUrl":"https:\/\/ingesto.org.br\/wp-content\/uploads\/2025\/11\/cebas.avif","datePublished":"2025-11-08T13:17:10+00:00","dateModified":"2026-02-20T12:02:49+00:00","breadcrumb":{"@id":"https:\/\/ingesto.org.br\/formulario-sobre-a-necessidade-de-cebas-para-organizacoes-sem-fins-lucrativos\/#breadcrumb"},"inLanguage":"en-US","potentialAction":[{"@type":"ReadAction","target":["https:\/\/ingesto.org.br\/formulario-sobre-a-necessidade-de-cebas-para-organizacoes-sem-fins-lucrativos\/"]}]},{"@type":"ImageObject","inLanguage":"en-US","@id":"https:\/\/ingesto.org.br\/formulario-sobre-a-necessidade-de-cebas-para-organizacoes-sem-fins-lucrativos\/#primaryimage","url":"https:\/\/ingesto.org.br\/wp-content\/uploads\/2025\/11\/cebas.avif","contentUrl":"https:\/\/ingesto.org.br\/wp-content\/uploads\/2025\/11\/cebas.avif","width":280,"height":92},{"@type":"BreadcrumbList","@id":"https:\/\/ingesto.org.br\/formulario-sobre-a-necessidade-de-cebas-para-organizacoes-sem-fins-lucrativos\/#breadcrumb","itemListElement":[{"@type":"ListItem","position":1,"name":"In\u00edcio","item":"https:\/\/ingesto.org.br\/"},{"@type":"ListItem","position":2,"name":"Formul\u00e1rio &#8211; Sobre a Necessidade de CEBAS para Organiza\u00e7\u00f5es Sem Fins Lucrativos!"}]},{"@type":"WebSite","@id":"http:\/\/ingesto.org.br\/en\/#website","url":"http:\/\/ingesto.org.br\/en\/","name":"Institute","description":"Institute for Third Sector Management","publisher":{"@id":"http:\/\/ingesto.org.br\/en\/#organization"},"alternateName":"Ingesto","potentialAction":[{"@type":"SearchAction","target":{"@type":"EntryPoint","urlTemplate":"http:\/\/ingesto.org.br\/en\/?s={search_term_string}"},"query-input":{"@type":"PropertyValueSpecification","valueRequired":true,"valueName":"search_term_string"}}],"inLanguage":"en-US"},{"@type":"Organization","@id":"http:\/\/ingesto.org.br\/en\/#organization","name":"Ingesto","url":"http:\/\/ingesto.org.br\/en\/","logo":{"@type":"ImageObject","inLanguage":"en-US","@id":"http:\/\/ingesto.org.br\/en\/#\/schema\/logo\/image\/","url":"https:\/\/ingesto.org.br\/wp-content\/uploads\/2020\/11\/cropped-cropped-icone.png","contentUrl":"https:\/\/ingesto.org.br\/wp-content\/uploads\/2020\/11\/cropped-cropped-icone.png","width":512,"height":512,"caption":"Ingesto"},"image":{"@id":"http:\/\/ingesto.org.br\/en\/#\/schema\/logo\/image\/"},"sameAs":["https:\/\/www.facebook.com\/institutoingesto","https:\/\/x.com\/Ingestos","https:\/\/www.instagram.com\/institutoingesto\/","https:\/\/www.youtube.com\/@institutoingesto","https:\/\/www.linkedin.com\/in\/instituto-ingesto"]}]}},"campaignId":"","jetpack_shortlink":"https:\/\/wp.me\/Peji5g-4J7","acf":[],"_links":{"self":[{"href":"https:\/\/ingesto.org.br\/en\/wp-json\/wp\/v2\/pages\/18173","targetHints":{"allow":["GET"]}}],"collection":[{"href":"https:\/\/ingesto.org.br\/en\/wp-json\/wp\/v2\/pages"}],"about":[{"href":"https:\/\/ingesto.org.br\/en\/wp-json\/wp\/v2\/types\/page"}],"author":[{"embeddable":true,"href":"https:\/\/ingesto.org.br\/en\/wp-json\/wp\/v2\/users\/1"}],"replies":[{"embeddable":true,"href":"https:\/\/ingesto.org.br\/en\/wp-json\/wp\/v2\/comments?post=18173"}],"version-history":[{"count":2,"href":"https:\/\/ingesto.org.br\/en\/wp-json\/wp\/v2\/pages\/18173\/revisions"}],"predecessor-version":[{"id":18801,"href":"https:\/\/ingesto.org.br\/en\/wp-json\/wp\/v2\/pages\/18173\/revisions\/18801"}],"wp:featuredmedia":[{"embeddable":true,"href":"https:\/\/ingesto.org.br\/en\/wp-json\/wp\/v2\/media\/18169"}],"wp:attachment":[{"href":"https:\/\/ingesto.org.br\/en\/wp-json\/wp\/v2\/media?parent=18173"}],"curies":[{"name":"wp","href":"https:\/\/api.w.org\/{rel}","templated":true}]}}