{"id":1247,"date":"2021-02-14T14:46:56","date_gmt":"2021-02-14T17:46:56","guid":{"rendered":"http:\/\/rainbowit.net\/themes\/trydo\/my-account\/"},"modified":"2026-02-20T09:19:03","modified_gmt":"2026-02-20T12:19:03","slug":"minha-conta","status":"publish","type":"page","link":"https:\/\/ingesto.org.br\/en\/minha-conta\/","title":{"rendered":"My account"},"content":{"rendered":"<div data-elementor-type=\"wp-page\" data-elementor-id=\"1247\" class=\"elementor elementor-1247\">\n\t\t\t\t\t\t<section class=\"elementor-section elementor-top-section elementor-element elementor-element-c8a95b6 elementor-section-boxed elementor-section-height-default elementor-section-height-default\" data-id=\"c8a95b6\" data-element_type=\"section\" data-e-type=\"section\">\n\t\t\t\t\t\t<div class=\"elementor-container elementor-column-gap-default\">\n\t\t\t\t\t<div class=\"elementor-column elementor-col-100 elementor-top-column elementor-element elementor-element-95e6a7c\" data-id=\"95e6a7c\" data-element_type=\"column\" data-e-type=\"column\">\n\t\t\t<div class=\"elementor-widget-wrap elementor-element-populated\">\n\t\t\t\t\t\t<div class=\"elementor-element elementor-element-af647ae elementor-widget elementor-widget-heading\" data-id=\"af647ae\" data-element_type=\"widget\" data-e-type=\"widget\" data-widget_type=\"heading.default\">\n\t\t\t\t<div class=\"elementor-widget-container\">\n\t\t\t\t\t<h2 class=\"elementor-heading-title elementor-size-default\">Access to Exclusive Content<\/h2>\t\t\t\t<\/div>\n\t\t\t\t<\/div>\n\t\t\t\t<div class=\"elementor-element elementor-element-c13b4cd elementor-widget elementor-widget-text-editor\" data-id=\"c13b4cd\" data-element_type=\"widget\" data-e-type=\"widget\" data-widget_type=\"text-editor.default\">\n\t\t\t\t<div class=\"elementor-widget-container\">\n\t\t\t\t\t\t\t\t\t<p>Para acessar <strong>Conte\u00fados Exclusivos<\/strong> \u00e9 necess\u00e1rio estar <strong>Logged<\/strong>. Se j\u00e1 \u00e9 Registrado em nossa <strong>Platform<\/strong>, entre com seu <span style=\"text-decoration: underline;\"><strong>Email<\/strong><\/span> se <strong><span style=\"text-decoration: underline;\">Password<\/span> <\/strong>at <strong>Aba Concecte-se<\/strong>. Se ainda n\u00e3o \u00e9 <strong>Registrado<\/strong>, <strong>Register<\/strong> utulizando seu <strong>Email<\/strong> at <strong>Aba Registro<\/strong>. Logo ap\u00f3s seu<strong> Record<\/strong> voc\u00ea ser\u00e1 redirecionado para o conte\u00fado.<\/p>\t\t\t\t\t\t\t\t<\/div>\n\t\t\t\t<\/div>\n\t\t\t\t\t<\/div>\n\t\t<\/div>\n\t\t\t\t\t<\/div>\n\t\t<\/section>\n\t\t\t\t<section class=\"elementor-section elementor-top-section elementor-element elementor-element-2b021e6 elementor-section-boxed elementor-section-height-default elementor-section-height-default\" data-id=\"2b021e6\" data-element_type=\"section\" data-e-type=\"section\">\n\t\t\t\t\t\t<div class=\"elementor-container elementor-column-gap-default\">\n\t\t\t\t\t<div class=\"elementor-column elementor-col-100 elementor-top-column elementor-element elementor-element-0caad9b\" data-id=\"0caad9b\" data-element_type=\"column\" data-e-type=\"column\">\n\t\t\t<div class=\"elementor-widget-wrap elementor-element-populated\">\n\t\t\t\t\t\t<div class=\"elementor-element elementor-element-140cef30 elementor-widget elementor-widget-text-editor\" data-id=\"140cef30\" data-element_type=\"widget\" data-e-type=\"widget\" data-widget_type=\"text-editor.default\">\n\t\t\t\t<div class=\"elementor-widget-container\">\n\t\t\t\t\t\t\t\t\t<p><\/p>\n<p><\/p>\n<p class=\"has-white-color has-text-color has-background has-normal-font-size\" style=\"background-color: #1204fa;\">To access this content you must be <strong>Logged<\/strong>. If you are already a User, enter your <strong>Email<\/strong> It is <strong>Password<\/strong>, if not yet, <strong>Register<\/strong>and with a valid email, as it is through this email that you will receive your access password.<\/p>\n<p><\/p>\n<h4 class=\"has-text-align-center\">\u00a0<\/h4>\n<p><ul class=\"wp-block-latest-posts__list is-grid columns-3 has-dates has-author wp-block-latest-posts\"><li><div class=\"wp-block-latest-posts__featured-image aligncenter\"><img fetchpriority=\"high\" decoding=\"async\" width=\"300\" height=\"186\" src=\"https:\/\/ingesto.org.br\/wp-content\/uploads\/2026\/05\/image-11-300x186.png\" class=\"attachment-medium size-medium wp-post-image\" alt=\"\" style=\"\" srcset=\"https:\/\/ingesto.org.br\/wp-content\/uploads\/2026\/05\/image-11-300x186.png 300w, https:\/\/ingesto.org.br\/wp-content\/uploads\/2026\/05\/image-11-18x12.png 18w, https:\/\/ingesto.org.br\/wp-content\/uploads\/2026\/05\/image-11.png 639w\" sizes=\"(max-width: 300px) 100vw, 300px\" \/><\/div><a class=\"wp-block-latest-posts__post-title\" href=\"https:\/\/ingesto.org.br\/en\/engenharia-de-captacao-como-transformar-a-governanca-em-sustentabilidade-financeira\/\">Engenharia de Capta\u00e7\u00e3o: Como Transformar a Governan\u00e7a em Sustentabilidade Financeira &#8211; Parte 3!<\/a><div class=\"wp-block-latest-posts__post-author\">by Ingesto<\/div><time datetime=\"2026-05-06T09:00:00-03:00\" class=\"wp-block-latest-posts__post-date\">6 de May de 2026<\/time><\/li>\n<li><div class=\"wp-block-latest-posts__featured-image aligncenter\"><img decoding=\"async\" width=\"300\" height=\"200\" src=\"https:\/\/ingesto.org.br\/wp-content\/uploads\/2026\/05\/saude_edital_unaids-300x200.png\" class=\"attachment-medium size-medium wp-post-image\" alt=\"\" style=\"\" srcset=\"https:\/\/ingesto.org.br\/wp-content\/uploads\/2026\/05\/saude_edital_unaids-300x200.png 300w, https:\/\/ingesto.org.br\/wp-content\/uploads\/2026\/05\/saude_edital_unaids-1024x682.png 1024w, https:\/\/ingesto.org.br\/wp-content\/uploads\/2026\/05\/saude_edital_unaids-768x511.png 768w, https:\/\/ingesto.org.br\/wp-content\/uploads\/2026\/05\/saude_edital_unaids-18x12.png 18w, https:\/\/ingesto.org.br\/wp-content\/uploads\/2026\/05\/saude_edital_unaids-650x433.png 650w, https:\/\/ingesto.org.br\/wp-content\/uploads\/2026\/05\/saude_edital_unaids.png 1537w\" sizes=\"(max-width: 300px) 100vw, 300px\" \/><\/div><a class=\"wp-block-latest-posts__post-title\" href=\"https:\/\/ingesto.org.br\/en\/captacao-recursos-editais-terceiro-setor-maio-2026\/\">Capta\u00e7\u00e3o de Recursos e Editais: Destaques do Terceiro Setor em Maio de 2026!<\/a><div class=\"wp-block-latest-posts__post-author\">by Ingesto<\/div><time datetime=\"2026-05-05T09:59:18-03:00\" class=\"wp-block-latest-posts__post-date\">5 de May de 2026<\/time><\/li>\n<li><div class=\"wp-block-latest-posts__featured-image aligncenter\"><img decoding=\"async\" width=\"296\" height=\"300\" src=\"https:\/\/ingesto.org.br\/wp-content\/uploads\/2026\/05\/Gemini_Generated_Image_o6fli9o6fli9o6fl-296x300.png\" class=\"attachment-medium size-medium wp-post-image\" alt=\"\" style=\"\" srcset=\"https:\/\/ingesto.org.br\/wp-content\/uploads\/2026\/05\/Gemini_Generated_Image_o6fli9o6fli9o6fl-296x300.png 296w, https:\/\/ingesto.org.br\/wp-content\/uploads\/2026\/05\/Gemini_Generated_Image_o6fli9o6fli9o6fl-1009x1024.png 1009w, https:\/\/ingesto.org.br\/wp-content\/uploads\/2026\/05\/Gemini_Generated_Image_o6fli9o6fli9o6fl-768x779.png 768w, https:\/\/ingesto.org.br\/wp-content\/uploads\/2026\/05\/Gemini_Generated_Image_o6fli9o6fli9o6fl-12x12.png 12w, https:\/\/ingesto.org.br\/wp-content\/uploads\/2026\/05\/Gemini_Generated_Image_o6fli9o6fli9o6fl.png 1024w\" sizes=\"(max-width: 296px) 100vw, 296px\" \/><\/div><a class=\"wp-block-latest-posts__post-title\" href=\"https:\/\/ingesto.org.br\/en\/governanca-osc-conselho-estrategico\/\">Governan\u00e7a no Terceiro Setor: A Implementa\u00e7\u00e3o do Conselho Estrat\u00e9gico de Tr\u00eas Pilares &#8211; Parte 2!<\/a><div class=\"wp-block-latest-posts__post-author\">by Ingesto<\/div><time datetime=\"2026-05-05T09:00:00-03:00\" class=\"wp-block-latest-posts__post-date\">5 de May de 2026<\/time><\/li>\n<\/ul><ul class=\"wp-block-latest-posts__list is-grid columns-3 has-dates has-author aligncenter wp-block-latest-posts\"><li><a class=\"wp-block-latest-posts__post-title\" href=\"https:\/\/ingesto.org.br\/en\/artigo-sobre-a-reducao-de-fpm-que-preocupa-as-administracoes-municipais\/\">Article about the reduction in FPM that concerns Municipal Administrations.<\/a><div class=\"wp-block-latest-posts__post-author\">by Ingesto<\/div><time datetime=\"2012-08-14T11:51:31-03:00\" class=\"wp-block-latest-posts__post-date\">August 14, 2012<\/time><\/li>\n<li><a class=\"wp-block-latest-posts__post-title\" href=\"https:\/\/ingesto.org.br\/en\/paridade-de-vencimentos\/\">Salary Parity!<\/a><div class=\"wp-block-latest-posts__post-author\">by Ingesto<\/div><time datetime=\"2012-08-24T12:34:51-03:00\" class=\"wp-block-latest-posts__post-date\">August 24, 2012<\/time><\/li>\n<li><a class=\"wp-block-latest-posts__post-title\" href=\"https:\/\/ingesto.org.br\/en\/servidor-em-auxilio-doenca-aguardando-pericia-medica\/\">Servant on Sickness Benefit awaiting Medical Expertise<\/a><div class=\"wp-block-latest-posts__post-author\">by Ingesto<\/div><time datetime=\"2012-08-29T15:58:57-03:00\" class=\"wp-block-latest-posts__post-date\">August 29, 2012<\/time><\/li>\n<\/ul><\/p>\t\t\t\t\t\t\t\t<\/div>\n\t\t\t\t<\/div>\n\t\t\t\t\t<\/div>\n\t\t<\/div>\n\t\t\t\t\t<\/div>\n\t\t<\/section>\n\t\t\t\t<\/div>","protected":false},"excerpt":{"rendered":"<p>Acesso de Conte\u00fados Exclusivos Para acessar Conte\u00fados Exclusivos \u00e9 necess\u00e1rio estar logado. Se j\u00e1 \u00e9 Registrado em nossa Plataforma, entre com seu E-mail se Senha na Aba Concecte-se. Se ainda n\u00e3o \u00e9 Registrado, Cadastre-se utulizando seu E-mail na Aba Registro. Logo ap\u00f3s seu Registro voc\u00ea ser\u00e1 redirecionado para o conte\u00fado. Para acessar esse conte\u00fado \u00e9 [&hellip;]<\/p>\n","protected":false},"author":1,"featured_media":0,"parent":0,"menu_order":0,"comment_status":"closed","ping_status":"closed","template":"elementor_theme","meta":{"give_campaign_id":0,"_joinchat":[],"footnotes":""},"class_list":["post-1247","page","type-page","status-publish","hentry"],"yoast_head":"<!-- This site is optimized with the Yoast SEO plugin v27.5 - https:\/\/yoast.com\/product\/yoast-seo-wordpress\/ -->\n<title>Minha Conta - Ingesto<\/title>\n<meta name=\"robots\" content=\"index, follow, max-snippet:-1, max-image-preview:large, max-video-preview:-1\" \/>\n<link rel=\"canonical\" href=\"https:\/\/ingesto.org.br\/en\/loja__trashed\/minha-conta\/\" \/>\n<meta property=\"og:locale\" content=\"en_US\" \/>\n<meta property=\"og:type\" content=\"article\" \/>\n<meta property=\"og:title\" content=\"Minha Conta - Ingesto\" \/>\n<meta property=\"og:description\" content=\"Acesso de Conte\u00fados Exclusivos Para acessar Conte\u00fados Exclusivos \u00e9 necess\u00e1rio estar logado. Se j\u00e1 \u00e9 Registrado em nossa Plataforma, entre com seu E-mail se Senha na Aba Concecte-se. Se ainda n\u00e3o \u00e9 Registrado, Cadastre-se utulizando seu E-mail na Aba Registro. Logo ap\u00f3s seu Registro voc\u00ea ser\u00e1 redirecionado para o conte\u00fado. Para acessar esse conte\u00fado \u00e9 [&hellip;]\" \/>\n<meta property=\"og:url\" content=\"https:\/\/ingesto.org.br\/en\/loja__trashed\/minha-conta\/\" \/>\n<meta property=\"og:site_name\" content=\"Ingesto\" \/>\n<meta property=\"article:publisher\" content=\"https:\/\/www.facebook.com\/institutoingesto\" \/>\n<meta property=\"article:modified_time\" content=\"2026-02-20T12:19:03+00:00\" \/>\n<meta property=\"og:image\" content=\"https:\/\/ingesto.org.br\/wp-content\/uploads\/2023\/03\/icone-ingesto-banner_menor-1-removebg-preview.png\" \/>\n\t<meta property=\"og:image:width\" content=\"302\" \/>\n\t<meta property=\"og:image:height\" content=\"107\" \/>\n\t<meta property=\"og:image:type\" content=\"image\/png\" \/>\n<meta name=\"twitter:card\" content=\"summary_large_image\" \/>\n<meta name=\"twitter:site\" content=\"@Ingestos\" \/>\n<meta name=\"twitter:label1\" content=\"Est. reading time\" \/>\n\t<meta name=\"twitter:data1\" content=\"1 minute\" \/>\n<script type=\"application\/ld+json\" class=\"yoast-schema-graph\">{\"@context\":\"https:\\\/\\\/schema.org\",\"@graph\":[{\"@type\":\"WebPage\",\"@id\":\"https:\\\/\\\/ingesto.org.br\\\/loja__trashed\\\/minha-conta\\\/\",\"url\":\"https:\\\/\\\/ingesto.org.br\\\/loja__trashed\\\/minha-conta\\\/\",\"name\":\"Minha Conta - Ingesto\",\"isPartOf\":{\"@id\":\"http:\\\/\\\/ingesto.org.br\\\/en\\\/#website\"},\"datePublished\":\"2021-02-14T17:46:56+00:00\",\"dateModified\":\"2026-02-20T12:19:03+00:00\",\"breadcrumb\":{\"@id\":\"https:\\\/\\\/ingesto.org.br\\\/loja__trashed\\\/minha-conta\\\/#breadcrumb\"},\"inLanguage\":\"en-US\",\"potentialAction\":[{\"@type\":\"ReadAction\",\"target\":[\"https:\\\/\\\/ingesto.org.br\\\/loja__trashed\\\/minha-conta\\\/\"]}]},{\"@type\":\"BreadcrumbList\",\"@id\":\"https:\\\/\\\/ingesto.org.br\\\/loja__trashed\\\/minha-conta\\\/#breadcrumb\",\"itemListElement\":[{\"@type\":\"ListItem\",\"position\":1,\"name\":\"In\u00edcio\",\"item\":\"https:\\\/\\\/ingesto.org.br\\\/\"},{\"@type\":\"ListItem\",\"position\":2,\"name\":\"Minha Conta\"}]},{\"@type\":\"WebSite\",\"@id\":\"http:\\\/\\\/ingesto.org.br\\\/en\\\/#website\",\"url\":\"http:\\\/\\\/ingesto.org.br\\\/en\\\/\",\"name\":\"Instituto\",\"description\":\"Instituto para Gest\u00e3o do Terceiro Setor\",\"publisher\":{\"@id\":\"http:\\\/\\\/ingesto.org.br\\\/en\\\/#organization\"},\"alternateName\":\"Ingesto\",\"potentialAction\":[{\"@type\":\"SearchAction\",\"target\":{\"@type\":\"EntryPoint\",\"urlTemplate\":\"http:\\\/\\\/ingesto.org.br\\\/en\\\/?s={search_term_string}\"},\"query-input\":{\"@type\":\"PropertyValueSpecification\",\"valueRequired\":true,\"valueName\":\"search_term_string\"}}],\"inLanguage\":\"en-US\"},{\"@type\":\"Organization\",\"@id\":\"http:\\\/\\\/ingesto.org.br\\\/en\\\/#organization\",\"name\":\"Ingesto\",\"url\":\"http:\\\/\\\/ingesto.org.br\\\/en\\\/\",\"logo\":{\"@type\":\"ImageObject\",\"inLanguage\":\"en-US\",\"@id\":\"http:\\\/\\\/ingesto.org.br\\\/en\\\/#\\\/schema\\\/logo\\\/image\\\/\",\"url\":\"https:\\\/\\\/ingesto.org.br\\\/wp-content\\\/uploads\\\/2020\\\/11\\\/cropped-cropped-icone.png\",\"contentUrl\":\"https:\\\/\\\/ingesto.org.br\\\/wp-content\\\/uploads\\\/2020\\\/11\\\/cropped-cropped-icone.png\",\"width\":512,\"height\":512,\"caption\":\"Ingesto\"},\"image\":{\"@id\":\"http:\\\/\\\/ingesto.org.br\\\/en\\\/#\\\/schema\\\/logo\\\/image\\\/\"},\"sameAs\":[\"https:\\\/\\\/www.facebook.com\\\/institutoingesto\",\"https:\\\/\\\/x.com\\\/Ingestos\",\"https:\\\/\\\/www.instagram.com\\\/institutoingesto\\\/\",\"https:\\\/\\\/www.youtube.com\\\/@institutoingesto\",\"https:\\\/\\\/www.linkedin.com\\\/in\\\/instituto-ingesto\"]}]}<\/script>\n<!-- \/ Yoast SEO plugin. -->","yoast_head_json":{"title":"Minha Conta - Ingesto","robots":{"index":"index","follow":"follow","max-snippet":"max-snippet:-1","max-image-preview":"max-image-preview:large","max-video-preview":"max-video-preview:-1"},"canonical":"https:\/\/ingesto.org.br\/en\/loja__trashed\/minha-conta\/","og_locale":"en_US","og_type":"article","og_title":"Minha Conta - Ingesto","og_description":"Acesso de Conte\u00fados Exclusivos Para acessar Conte\u00fados Exclusivos \u00e9 necess\u00e1rio estar logado. Se j\u00e1 \u00e9 Registrado em nossa Plataforma, entre com seu E-mail se Senha na Aba Concecte-se. Se ainda n\u00e3o \u00e9 Registrado, Cadastre-se utulizando seu E-mail na Aba Registro. Logo ap\u00f3s seu Registro voc\u00ea ser\u00e1 redirecionado para o conte\u00fado. Para acessar esse conte\u00fado \u00e9 [&hellip;]","og_url":"https:\/\/ingesto.org.br\/en\/loja__trashed\/minha-conta\/","og_site_name":"Ingesto","article_publisher":"https:\/\/www.facebook.com\/institutoingesto","article_modified_time":"2026-02-20T12:19:03+00:00","og_image":[{"width":302,"height":107,"url":"https:\/\/ingesto.org.br\/wp-content\/uploads\/2023\/03\/icone-ingesto-banner_menor-1-removebg-preview.png","type":"image\/png"}],"twitter_card":"summary_large_image","twitter_site":"@Ingestos","twitter_misc":{"Est. reading time":"1 minute"},"schema":{"@context":"https:\/\/schema.org","@graph":[{"@type":"WebPage","@id":"https:\/\/ingesto.org.br\/loja__trashed\/minha-conta\/","url":"https:\/\/ingesto.org.br\/loja__trashed\/minha-conta\/","name":"Minha Conta - Ingesto","isPartOf":{"@id":"http:\/\/ingesto.org.br\/en\/#website"},"datePublished":"2021-02-14T17:46:56+00:00","dateModified":"2026-02-20T12:19:03+00:00","breadcrumb":{"@id":"https:\/\/ingesto.org.br\/loja__trashed\/minha-conta\/#breadcrumb"},"inLanguage":"en-US","potentialAction":[{"@type":"ReadAction","target":["https:\/\/ingesto.org.br\/loja__trashed\/minha-conta\/"]}]},{"@type":"BreadcrumbList","@id":"https:\/\/ingesto.org.br\/loja__trashed\/minha-conta\/#breadcrumb","itemListElement":[{"@type":"ListItem","position":1,"name":"In\u00edcio","item":"https:\/\/ingesto.org.br\/"},{"@type":"ListItem","position":2,"name":"Minha Conta"}]},{"@type":"WebSite","@id":"http:\/\/ingesto.org.br\/en\/#website","url":"http:\/\/ingesto.org.br\/en\/","name":"Institute","description":"Institute for Third Sector Management","publisher":{"@id":"http:\/\/ingesto.org.br\/en\/#organization"},"alternateName":"Ingesto","potentialAction":[{"@type":"SearchAction","target":{"@type":"EntryPoint","urlTemplate":"http:\/\/ingesto.org.br\/en\/?s={search_term_string}"},"query-input":{"@type":"PropertyValueSpecification","valueRequired":true,"valueName":"search_term_string"}}],"inLanguage":"en-US"},{"@type":"Organization","@id":"http:\/\/ingesto.org.br\/en\/#organization","name":"Ingesto","url":"http:\/\/ingesto.org.br\/en\/","logo":{"@type":"ImageObject","inLanguage":"en-US","@id":"http:\/\/ingesto.org.br\/en\/#\/schema\/logo\/image\/","url":"https:\/\/ingesto.org.br\/wp-content\/uploads\/2020\/11\/cropped-cropped-icone.png","contentUrl":"https:\/\/ingesto.org.br\/wp-content\/uploads\/2020\/11\/cropped-cropped-icone.png","width":512,"height":512,"caption":"Ingesto"},"image":{"@id":"http:\/\/ingesto.org.br\/en\/#\/schema\/logo\/image\/"},"sameAs":["https:\/\/www.facebook.com\/institutoingesto","https:\/\/x.com\/Ingestos","https:\/\/www.instagram.com\/institutoingesto\/","https:\/\/www.youtube.com\/@institutoingesto","https:\/\/www.linkedin.com\/in\/instituto-ingesto"]}]}},"campaignId":"","jetpack_shortlink":"https:\/\/wp.me\/Peji5g-k7","acf":[],"_links":{"self":[{"href":"https:\/\/ingesto.org.br\/en\/wp-json\/wp\/v2\/pages\/1247","targetHints":{"allow":["GET"]}}],"collection":[{"href":"https:\/\/ingesto.org.br\/en\/wp-json\/wp\/v2\/pages"}],"about":[{"href":"https:\/\/ingesto.org.br\/en\/wp-json\/wp\/v2\/types\/page"}],"author":[{"embeddable":true,"href":"https:\/\/ingesto.org.br\/en\/wp-json\/wp\/v2\/users\/1"}],"replies":[{"embeddable":true,"href":"https:\/\/ingesto.org.br\/en\/wp-json\/wp\/v2\/comments?post=1247"}],"version-history":[{"count":9,"href":"https:\/\/ingesto.org.br\/en\/wp-json\/wp\/v2\/pages\/1247\/revisions"}],"predecessor-version":[{"id":18810,"href":"https:\/\/ingesto.org.br\/en\/wp-json\/wp\/v2\/pages\/1247\/revisions\/18810"}],"wp:attachment":[{"href":"https:\/\/ingesto.org.br\/en\/wp-json\/wp\/v2\/media?parent=1247"}],"curies":[{"name":"wp","href":"https:\/\/api.w.org\/{rel}","templated":true}]}}